{"id":5450,"date":"2021-04-22T07:48:47","date_gmt":"2021-04-22T05:48:47","guid":{"rendered":"https:\/\/asmoplast.com\/?page_id=5450"},"modified":"2022-10-07T16:01:36","modified_gmt":"2022-10-07T14:01:36","slug":"verpackung-verschlusse","status":"publish","type":"page","link":"https:\/\/asmoplast.com\/en\/showroom\/verpackung-verschlusse\/","title":{"rendered":"Caps &#038; Closures"},"content":{"rendered":"<div id=\"pl-5450\"  class=\"panel-layout\" ><div id=\"pg-5450-0\"  class=\"panel-grid panel-has-style\" ><div class=\"no-flex panel-row-style panel-row-style-for-5450-0\" ><div id=\"pgc-5450-0-0\"  class=\"panel-grid-cell\" ><div id=\"panel-5450-0-0-0\" class=\"so-panel widget widget_catogory-wise-image-slider-custom-posttypo-widget panel-first-child panel-last-child\" data-index=\"0\" ><div\n\t\t\t\n\t\t\tclass=\"so-widget-catogory-wise-image-slider-custom-posttypo-widget so-widget-catogory-wise-image-slider-custom-posttypo-widget-default-d75171398898-5450\"\n\t\t\t\n\t\t>\n<div class=\"slick-carousel\">\n\t\n        \t\t\t    \t<div class=\"bg-color\">\n                        <div class=\"myimage-wrapper\">\n    \t\t\t    \t\t<a href=\"#steckeinsatze\">\n    \t\t\t    \t\t\t<img decoding=\"async\" src=\"https:\/\/asmoplast.com\/wp-content\/uploads\/2021\/05\/slider_showroom_spritzgussteile_kosmetik_verpackung_steckeinsatz.jpg\"\/>\n    \t\t\t    \t\t<\/a>\n                        <\/div>\n\t\t\t    \t\t<h4 class=\"title text-center\">Inserts<\/h2>\n\t\t\t    \t<\/div>\n\t\t\t    \t\n\t\t\t\t\t\t    \t<div class=\"bg-color\">\n                        <div class=\"myimage-wrapper\">\n    \t\t\t    \t\t<a href=\"#dosierverschluss\">\n    \t\t\t    \t\t\t<img decoding=\"async\" src=\"https:\/\/asmoplast.com\/wp-content\/uploads\/2021\/05\/slider_showroom_spritzgussteile_caps_and_closures.jpg\"\/>\n    \t\t\t    \t\t<\/a>\n                        <\/div>\n\t\t\t    \t\t<h4 class=\"title text-center\">Dosing seal<\/h2>\n\t\t\t    \t<\/div>\n\t\t\t    \t\n\t\t\t<\/div>\n<\/div><\/div><\/div><\/div><\/div><div id=\"pg-5450-1\"  class=\"panel-grid panel-no-style\" ><div id=\"pgc-5450-1-0\"  class=\"panel-grid-cell\" ><div id=\"panel-5450-1-0-0\" class=\"so-panel widget widget_showroom-by-catrogry-widget panel-first-child panel-last-child\" data-index=\"1\" ><div\n\t\t\t\n\t\t\tclass=\"so-widget-showroom-by-catrogry-widget so-widget-showroom-by-catrogry-widget-default-d75171398898-5456\"\n\t\t\t\n\t\t>\n                        <div id=\"steckeinsatze\" class=\"posttype-showroom-outerwrap\">\n                <div id=\"pl-5460\"  class=\"panel-layout\" ><div id=\"pg-5460-0\"  class=\"panel-grid panel-no-style\" ><div id=\"pgc-5460-0-0\"  class=\"panel-grid-cell\" ><div id=\"panel-5460-0-0-0\" class=\"so-panel widget widget_sow-editor panel-first-child panel-last-child\" data-index=\"0\" ><div\n\t\t\t\n\t\t\tclass=\"so-widget-sow-editor so-widget-sow-editor-base\"\n\t\t\t\n\t\t>\n<div class=\"siteorigin-widget-tinymce textwidget\">\n\t<p>&nbsp;<\/p>\n<h2 style=\"text-align: center;\">Mould making Germany and China<br \/>\nInjection moulding parts Germany, Inserts<\/h2>\n<\/div>\n<\/div><\/div><\/div><\/div><div id=\"pg-5460-1\"  class=\"panel-grid panel-no-style\" ><div id=\"pgc-5460-1-0\"  class=\"panel-grid-cell\" ><div id=\"panel-5460-1-0-0\" class=\"so-panel widget widget_horizontal-line-with-text-widget panel-first-child panel-last-child\" data-index=\"1\" ><div\n\t\t\t\n\t\t\tclass=\"so-widget-horizontal-line-with-text-widget so-widget-horizontal-line-with-text-widget-default-d75171398898-5460\"\n\t\t\t\n\t\t><div class=\"horizontal-line-wrapper\">\n\t<div class=\"col-md-6 col-lg-6 col-sm-6 hidden-xs\">\n\t\t<div><\/div>\n\t<\/div>\n\t<div class=\"col-md-6 col-lg-6 col-sm-6 col-xs-12\">\n\t\t<span>Profile<\/span>\n\t\t<div><\/div>\n\t<\/div>\n<\/div><\/div><\/div><\/div><\/div><div id=\"pg-5460-2\"  class=\"panel-grid panel-no-style\" ><div id=\"pgc-5460-2-0\"  class=\"panel-grid-cell\" ><div id=\"panel-5460-2-0-0\" class=\"so-panel widget widget_sow-image panel-first-child panel-last-child\" data-index=\"2\" ><div\n\t\t\t\n\t\t\tclass=\"so-widget-sow-image so-widget-sow-image-default-dbf295114b96-5460\"\n\t\t\t\n\t\t>\n<div class=\"sow-image-container\">\n\t\t<img \n\tsrc=\"https:\/\/asmoplast.com\/wp-content\/uploads\/2021\/05\/showroom_spritzgussteile_kosmetik_verpackung_steckeinsatz.jpg\" width=\"572\" height=\"600\" srcset=\"https:\/\/asmoplast.com\/wp-content\/uploads\/2021\/05\/showroom_spritzgussteile_kosmetik_verpackung_steckeinsatz.jpg 572w, https:\/\/asmoplast.com\/wp-content\/uploads\/2021\/05\/showroom_spritzgussteile_kosmetik_verpackung_steckeinsatz-286x300.jpg 286w\" sizes=\"(max-width: 572px) 100vw, 572px\" title=\"Fertigung eines 12-fach Dauerl\u00e4uferwerkzeugs und von Spritzgussteilen in Deutschland &amp; China f\u00fcr Steckeins\u00e4tze\" alt=\"Fertigung eines 12-fach Dauerl\u00e4uferwerkzeugs und von Spritzgussteilen in Deutschland &amp; China f\u00fcr Steckeins\u00e4tze\" \t\tclass=\"so-widget-image\"\/>\n\t<\/div>\n\n<\/div><\/div><\/div><div id=\"pgc-5460-2-1\"  class=\"panel-grid-cell\" ><div id=\"panel-5460-2-1-0\" class=\"so-panel widget widget_sow-editor panel-first-child\" data-index=\"3\" ><div\n\t\t\t\n\t\t\tclass=\"so-widget-sow-editor so-widget-sow-editor-base\"\n\t\t\t\n\t\t>\n<div class=\"siteorigin-widget-tinymce textwidget\">\n\t<p><strong>Branch:<\/strong><br \/>\nPackaging \/ seals, cosmetics<\/p>\n<p><strong>Requirements profile:<\/strong><br \/>\n12x high volume production mould for production of a cosmetics package<\/p>\n<p><strong>Production site - injection moulding tool:<\/strong><br \/>\nChina + Germany<\/p>\n<p><strong>Production site - injection moulded parts:<\/strong><br \/>\nGermany<\/p>\n<p><strong>No. of cavities:<\/strong><br \/>\n12<\/p>\n<p><strong>Dimensions and weight - injection moulding tool:<\/strong><br \/>\n546x296x550mm, 720kgs<\/p>\n<p><strong>Lead time:<\/strong><br \/>\n10 weeks to FOT (incl. design, manufacturing and tool despatch)<\/p>\n<p><strong>Plastics used:<\/strong><br \/>\nPP<\/p>\n<p><strong>Components weight:<\/strong><br \/>\n5g<\/p>\n<\/div>\n<\/div><\/div><div id=\"panel-5460-2-1-1\" class=\"so-panel widget widget_icon-with-text-widget panel-last-child\" data-index=\"4\" ><div\n\t\t\t\n\t\t\tclass=\"so-widget-icon-with-text-widget so-widget-icon-with-text-widget-default-d75171398898-5460\"\n\t\t\t\n\t\t>\n<div class=\"icon-with-text-main-wrap\">\n\t\t\t<div class=\"image-wrap\">\n\t\t\t<img loading=\"lazy\" decoding=\"async\" src=\"https:\/\/asmoplast.com\/wp-content\/uploads\/2021\/05\/Verpackung-hover.png\" width=\"30\" height=\"30\"  class=\"\"  \/>\n\t\t<\/div>\n\t\t<div class=\"text-wrap\">\n\t\t\t<p>Case-Study:<br \/>\nCaps\/Closures - Inserts<\/p>\n\t\t<\/div>\n\t<\/div><\/div><\/div><\/div><\/div><\/div>            <\/div>\n                                <div id=\"dosierverschluss\" class=\"posttype-showroom-outerwrap\">\n                <div id=\"pl-5456\"  class=\"panel-layout\" ><div id=\"pg-5456-0\"  class=\"panel-grid panel-no-style\" ><div id=\"pgc-5456-0-0\"  class=\"panel-grid-cell\" ><div id=\"panel-5456-0-0-0\" class=\"so-panel widget widget_sow-editor panel-first-child panel-last-child\" data-index=\"0\" ><div\n\t\t\t\n\t\t\tclass=\"so-widget-sow-editor so-widget-sow-editor-base\"\n\t\t\t\n\t\t>\n<div class=\"siteorigin-widget-tinymce textwidget\">\n\t<p>&nbsp;<\/p>\n<h2 style=\"text-align: center;\">Moulding injection tools from China<br \/>\nMoulding injection parts, Dosing seal<\/h2>\n<\/div>\n<\/div><\/div><\/div><\/div><div id=\"pg-5456-1\"  class=\"panel-grid panel-no-style\" ><div id=\"pgc-5456-1-0\"  class=\"panel-grid-cell\" ><div id=\"panel-5456-1-0-0\" class=\"so-panel widget widget_horizontal-line-with-text-widget panel-first-child panel-last-child\" data-index=\"1\" ><div\n\t\t\t\n\t\t\tclass=\"so-widget-horizontal-line-with-text-widget so-widget-horizontal-line-with-text-widget-default-d75171398898-5456\"\n\t\t\t\n\t\t><div class=\"horizontal-line-wrapper\">\n\t<div class=\"col-md-6 col-lg-6 col-sm-6 hidden-xs\">\n\t\t<div><\/div>\n\t<\/div>\n\t<div class=\"col-md-6 col-lg-6 col-sm-6 col-xs-12\">\n\t\t<span>Profile<\/span>\n\t\t<div><\/div>\n\t<\/div>\n<\/div><\/div><\/div><\/div><\/div><div id=\"pg-5456-2\"  class=\"panel-grid panel-no-style\" ><div id=\"pgc-5456-2-0\"  class=\"panel-grid-cell\" ><div id=\"panel-5456-2-0-0\" class=\"so-panel widget widget_sow-image panel-first-child panel-last-child\" data-index=\"2\" ><div\n\t\t\t\n\t\t\tclass=\"so-widget-sow-image so-widget-sow-image-default-dbf295114b96-5456\"\n\t\t\t\n\t\t>\n<div class=\"sow-image-container\">\n\t\t<img \n\tsrc=\"https:\/\/asmoplast.com\/wp-content\/uploads\/2021\/05\/showroom_spritzgussteile_caps_and_closures.jpg\" width=\"572\" height=\"601\" srcset=\"https:\/\/asmoplast.com\/wp-content\/uploads\/2021\/05\/showroom_spritzgussteile_caps_and_closures.jpg 572w, https:\/\/asmoplast.com\/wp-content\/uploads\/2021\/05\/showroom_spritzgussteile_caps_and_closures-286x300.jpg 286w\" sizes=\"(max-width: 572px) 100vw, 572px\" title=\"Spritzgie\u00dfwerkzeuge aus China f\u00fcr Spritzgussteile mit Produktion in der Schweiz f\u00fcr einen Dosierverschluss.\" alt=\"Spritzgie\u00dfwerkzeuge aus China f\u00fcr Spritzgussteile mit Produktion in der Schweiz f\u00fcr einen Dosierverschluss.\" \t\tclass=\"so-widget-image\"\/>\n\t<\/div>\n\n<\/div><\/div><\/div><div id=\"pgc-5456-2-1\"  class=\"panel-grid-cell\" ><div id=\"panel-5456-2-1-0\" class=\"so-panel widget widget_sow-editor panel-first-child\" data-index=\"3\" ><div\n\t\t\t\n\t\t\tclass=\"so-widget-sow-editor so-widget-sow-editor-base\"\n\t\t\t\n\t\t>\n<div class=\"siteorigin-widget-tinymce textwidget\">\n\t<p><strong>Branch:<\/strong><br \/>\nPackaging \/ seals<\/p>\n<p><strong>Requirements profile:<\/strong><br \/>\n6 multi-cavities injection moulding tools for maximum output quantities and small components with high precision<\/p>\n<p><strong>Production site - injection moulding tools:<\/strong><br \/>\nChina<\/p>\n<p><strong>Production site - injection moulded parts:<\/strong><br \/>\nSwitzerland<\/p>\n<p><strong>No. of cavities:<\/strong><br \/>\n4x and 8x<\/p>\n<p><strong>Dimensions and weight - injection moulding tools:<\/strong><br \/>\nfrom 196x196x300mm to 296x496x420mm \/ from 90 kgs to 480 kgs<\/p>\n<p><strong>Lead time:<\/strong><br \/>\n14 weeks<\/p>\n<p><strong>Plastics used:<\/strong><br \/>\nTPE, PET, LDPE, PE HD, PP<\/p>\n<p><strong>Components weight:<\/strong><br \/>\nFrom 0.12g to 1.15g<\/p>\n<\/div>\n<\/div><\/div><div id=\"panel-5456-2-1-1\" class=\"so-panel widget widget_icon-with-text-widget panel-last-child\" data-index=\"4\" ><div\n\t\t\t\n\t\t\tclass=\"so-widget-icon-with-text-widget so-widget-icon-with-text-widget-default-d75171398898-5456\"\n\t\t\t\n\t\t>\n<div class=\"icon-with-text-main-wrap\">\n\t\t\t<div class=\"image-wrap\">\n\t\t\t<img loading=\"lazy\" decoding=\"async\" src=\"https:\/\/asmoplast.com\/wp-content\/uploads\/2021\/05\/Verpackung-hover.png\" width=\"30\" height=\"30\"  class=\"\"  \/>\n\t\t<\/div>\n\t\t<div class=\"text-wrap\">\n\t\t\t<p>Case-Study:<br \/>\nCaps\/Closures - Dosing seal<\/p>\n\t\t<\/div>\n\t<\/div><\/div><\/div><\/div><\/div><\/div>            <\/div>\n        \n<\/div><\/div><\/div><\/div><\/div>","protected":false},"excerpt":{"rendered":"<p>&nbsp; Moulding injection tools from China Moulding injection parts, Dosing seal<\/p>\n","protected":false},"author":2,"featured_media":4273,"parent":5054,"menu_order":5,"comment_status":"closed","ping_status":"closed","template":"","meta":{"_acf_changed":false,"inline_featured_image":false,"footnotes":""},"class_list":["post-5450","page","type-page","status-publish","has-post-thumbnail","hentry"],"acf":[],"yoast_head":"<!-- This site is optimized with the Yoast SEO Premium plugin v26.1 (Yoast SEO v26.1.1) - https:\/\/yoast.com\/wordpress\/plugins\/seo\/ -->\n<title>Caps &amp; Closures - Asmoplast<\/title>\n<meta name=\"robots\" content=\"index, follow, max-snippet:-1, max-image-preview:large, max-video-preview:-1\" \/>\n<link rel=\"canonical\" href=\"https:\/\/asmoplast.com\/en\/showroom\/verpackung-verschlusse\/\" \/>\n<meta property=\"og:locale\" content=\"en_US\" \/>\n<meta property=\"og:type\" content=\"article\" \/>\n<meta property=\"og:title\" content=\"Caps &amp; Closures\" \/>\n<meta property=\"og:url\" content=\"https:\/\/asmoplast.com\/en\/showroom\/verpackung-verschlusse\/\" \/>\n<meta property=\"og:site_name\" content=\"Asmoplast\" \/>\n<meta property=\"article:publisher\" content=\"https:\/\/www.facebook.com\/asmoplast\" \/>\n<meta property=\"article:modified_time\" content=\"2022-10-07T14:01:36+00:00\" \/>\n<meta property=\"og:image\" content=\"https:\/\/asmoplast.com\/wp-content\/uploads\/2021\/04\/verpackung-caps.png\" \/>\n\t<meta property=\"og:image:width\" content=\"286\" \/>\n\t<meta property=\"og:image:height\" content=\"139\" \/>\n\t<meta property=\"og:image:type\" content=\"image\/png\" \/>\n<meta name=\"twitter:card\" content=\"summary_large_image\" \/>\n<script type=\"application\/ld+json\" class=\"yoast-schema-graph\">{\"@context\":\"https:\/\/schema.org\",\"@graph\":[{\"@type\":\"WebPage\",\"@id\":\"https:\/\/asmoplast.com\/en\/showroom\/verpackung-verschlusse\/\",\"url\":\"https:\/\/asmoplast.com\/en\/showroom\/verpackung-verschlusse\/\",\"name\":\"Caps & Closures - Asmoplast\",\"isPartOf\":{\"@id\":\"https:\/\/asmoplast.com\/en\/#website\"},\"primaryImageOfPage\":{\"@id\":\"https:\/\/asmoplast.com\/en\/showroom\/verpackung-verschlusse\/#primaryimage\"},\"image\":{\"@id\":\"https:\/\/asmoplast.com\/en\/showroom\/verpackung-verschlusse\/#primaryimage\"},\"thumbnailUrl\":\"https:\/\/asmoplast.com\/wp-content\/uploads\/2021\/04\/verpackung-caps.png\",\"datePublished\":\"2021-04-22T05:48:47+00:00\",\"dateModified\":\"2022-10-07T14:01:36+00:00\",\"breadcrumb\":{\"@id\":\"https:\/\/asmoplast.com\/en\/showroom\/verpackung-verschlusse\/#breadcrumb\"},\"inLanguage\":\"en-US\",\"potentialAction\":[{\"@type\":\"ReadAction\",\"target\":[\"https:\/\/asmoplast.com\/en\/showroom\/verpackung-verschlusse\/\"]}]},{\"@type\":\"ImageObject\",\"inLanguage\":\"en-US\",\"@id\":\"https:\/\/asmoplast.com\/en\/showroom\/verpackung-verschlusse\/#primaryimage\",\"url\":\"https:\/\/asmoplast.com\/wp-content\/uploads\/2021\/04\/verpackung-caps.png\",\"contentUrl\":\"https:\/\/asmoplast.com\/wp-content\/uploads\/2021\/04\/verpackung-caps.png\",\"width\":286,\"height\":139},{\"@type\":\"BreadcrumbList\",\"@id\":\"https:\/\/asmoplast.com\/en\/showroom\/verpackung-verschlusse\/#breadcrumb\",\"itemListElement\":[{\"@type\":\"ListItem\",\"position\":1,\"name\":\"Showroom\",\"item\":\"https:\/\/asmoplast.com\/en\/showroom\/\"},{\"@type\":\"ListItem\",\"position\":2,\"name\":\"Caps &#038; Closures\"}]},{\"@type\":\"WebSite\",\"@id\":\"https:\/\/asmoplast.com\/en\/#website\",\"url\":\"https:\/\/asmoplast.com\/en\/\",\"name\":\"Asmoplast\",\"description\":\"Formenbau und Spritzguss in Deutschland und China\",\"publisher\":{\"@id\":\"https:\/\/asmoplast.com\/en\/#organization\"},\"potentialAction\":[{\"@type\":\"SearchAction\",\"target\":{\"@type\":\"EntryPoint\",\"urlTemplate\":\"https:\/\/asmoplast.com\/en\/?s={search_term_string}\"},\"query-input\":{\"@type\":\"PropertyValueSpecification\",\"valueRequired\":true,\"valueName\":\"search_term_string\"}}],\"inLanguage\":\"en-US\"},{\"@type\":[\"Organization\",\"Place\"],\"@id\":\"https:\/\/asmoplast.com\/en\/#organization\",\"name\":\"AsMoPLAST Engineerung GmbH\",\"alternateName\":\"AsMoPLAST\",\"url\":\"https:\/\/asmoplast.com\/en\/\",\"logo\":{\"@id\":\"https:\/\/asmoplast.com\/en\/showroom\/verpackung-verschlusse\/#local-main-organization-logo\"},\"image\":{\"@id\":\"https:\/\/asmoplast.com\/en\/showroom\/verpackung-verschlusse\/#local-main-organization-logo\"},\"sameAs\":[\"https:\/\/www.facebook.com\/asmoplast\",\"https:\/\/www.instagram.com\/asmoplast\/\",\"https:\/\/www.linkedin.com\/company\/asmoplast\",\"https:\/\/www.youtube.com\/channel\/UCaufWGNSIdNHsBSPsrfC6Mw\"],\"legalName\":\"AsMoPLAST Engineering GmbH\",\"telephone\":[],\"openingHoursSpecification\":[{\"@type\":\"OpeningHoursSpecification\",\"dayOfWeek\":[\"Monday\",\"Tuesday\",\"Wednesday\",\"Thursday\",\"Friday\",\"Saturday\",\"Sunday\"],\"opens\":\"09:00\",\"closes\":\"17:00\"}]},{\"@type\":\"ImageObject\",\"inLanguage\":\"en-US\",\"@id\":\"https:\/\/asmoplast.com\/en\/showroom\/verpackung-verschlusse\/#local-main-organization-logo\",\"url\":\"https:\/\/asmoplast.com\/wp-content\/uploads\/2021\/04\/asmoplast-logo-transparent-rgb.svg\",\"contentUrl\":\"https:\/\/asmoplast.com\/wp-content\/uploads\/2021\/04\/asmoplast-logo-transparent-rgb.svg\",\"width\":112,\"height\":60,\"caption\":\"AsMoPLAST Engineerung GmbH\"}]}<\/script>\n<!-- \/ Yoast SEO Premium plugin. -->","yoast_head_json":{"title":"Caps & Closures - Asmoplast","robots":{"index":"index","follow":"follow","max-snippet":"max-snippet:-1","max-image-preview":"max-image-preview:large","max-video-preview":"max-video-preview:-1"},"canonical":"https:\/\/asmoplast.com\/en\/showroom\/verpackung-verschlusse\/","og_locale":"en_US","og_type":"article","og_title":"Caps & Closures","og_url":"https:\/\/asmoplast.com\/en\/showroom\/verpackung-verschlusse\/","og_site_name":"Asmoplast","article_publisher":"https:\/\/www.facebook.com\/asmoplast","article_modified_time":"2022-10-07T14:01:36+00:00","og_image":[{"width":286,"height":139,"url":"https:\/\/asmoplast.com\/wp-content\/uploads\/2021\/04\/verpackung-caps.png","type":"image\/png"}],"twitter_card":"summary_large_image","schema":{"@context":"https:\/\/schema.org","@graph":[{"@type":"WebPage","@id":"https:\/\/asmoplast.com\/en\/showroom\/verpackung-verschlusse\/","url":"https:\/\/asmoplast.com\/en\/showroom\/verpackung-verschlusse\/","name":"Caps & Closures - Asmoplast","isPartOf":{"@id":"https:\/\/asmoplast.com\/en\/#website"},"primaryImageOfPage":{"@id":"https:\/\/asmoplast.com\/en\/showroom\/verpackung-verschlusse\/#primaryimage"},"image":{"@id":"https:\/\/asmoplast.com\/en\/showroom\/verpackung-verschlusse\/#primaryimage"},"thumbnailUrl":"https:\/\/asmoplast.com\/wp-content\/uploads\/2021\/04\/verpackung-caps.png","datePublished":"2021-04-22T05:48:47+00:00","dateModified":"2022-10-07T14:01:36+00:00","breadcrumb":{"@id":"https:\/\/asmoplast.com\/en\/showroom\/verpackung-verschlusse\/#breadcrumb"},"inLanguage":"en-US","potentialAction":[{"@type":"ReadAction","target":["https:\/\/asmoplast.com\/en\/showroom\/verpackung-verschlusse\/"]}]},{"@type":"ImageObject","inLanguage":"en-US","@id":"https:\/\/asmoplast.com\/en\/showroom\/verpackung-verschlusse\/#primaryimage","url":"https:\/\/asmoplast.com\/wp-content\/uploads\/2021\/04\/verpackung-caps.png","contentUrl":"https:\/\/asmoplast.com\/wp-content\/uploads\/2021\/04\/verpackung-caps.png","width":286,"height":139},{"@type":"BreadcrumbList","@id":"https:\/\/asmoplast.com\/en\/showroom\/verpackung-verschlusse\/#breadcrumb","itemListElement":[{"@type":"ListItem","position":1,"name":"Showroom","item":"https:\/\/asmoplast.com\/en\/showroom\/"},{"@type":"ListItem","position":2,"name":"Caps &#038; Closures"}]},{"@type":"WebSite","@id":"https:\/\/asmoplast.com\/en\/#website","url":"https:\/\/asmoplast.com\/en\/","name":"Asmoplast","description":"Formenbau und Spritzguss in Deutschland und China","publisher":{"@id":"https:\/\/asmoplast.com\/en\/#organization"},"potentialAction":[{"@type":"SearchAction","target":{"@type":"EntryPoint","urlTemplate":"https:\/\/asmoplast.com\/en\/?s={search_term_string}"},"query-input":{"@type":"PropertyValueSpecification","valueRequired":true,"valueName":"search_term_string"}}],"inLanguage":"en-US"},{"@type":["Organization","Place"],"@id":"https:\/\/asmoplast.com\/en\/#organization","name":"AsMoPLAST Engineerung GmbH","alternateName":"AsMoPLAST","url":"https:\/\/asmoplast.com\/en\/","logo":{"@id":"https:\/\/asmoplast.com\/en\/showroom\/verpackung-verschlusse\/#local-main-organization-logo"},"image":{"@id":"https:\/\/asmoplast.com\/en\/showroom\/verpackung-verschlusse\/#local-main-organization-logo"},"sameAs":["https:\/\/www.facebook.com\/asmoplast","https:\/\/www.instagram.com\/asmoplast\/","https:\/\/www.linkedin.com\/company\/asmoplast","https:\/\/www.youtube.com\/channel\/UCaufWGNSIdNHsBSPsrfC6Mw"],"legalName":"AsMoPLAST Engineering GmbH","telephone":[],"openingHoursSpecification":[{"@type":"OpeningHoursSpecification","dayOfWeek":["Monday","Tuesday","Wednesday","Thursday","Friday","Saturday","Sunday"],"opens":"09:00","closes":"17:00"}]},{"@type":"ImageObject","inLanguage":"en-US","@id":"https:\/\/asmoplast.com\/en\/showroom\/verpackung-verschlusse\/#local-main-organization-logo","url":"https:\/\/asmoplast.com\/wp-content\/uploads\/2021\/04\/asmoplast-logo-transparent-rgb.svg","contentUrl":"https:\/\/asmoplast.com\/wp-content\/uploads\/2021\/04\/asmoplast-logo-transparent-rgb.svg","width":112,"height":60,"caption":"AsMoPLAST Engineerung GmbH"}]}},"_links":{"self":[{"href":"https:\/\/asmoplast.com\/en\/wp-json\/wp\/v2\/pages\/5450","targetHints":{"allow":["GET"]}}],"collection":[{"href":"https:\/\/asmoplast.com\/en\/wp-json\/wp\/v2\/pages"}],"about":[{"href":"https:\/\/asmoplast.com\/en\/wp-json\/wp\/v2\/types\/page"}],"author":[{"embeddable":true,"href":"https:\/\/asmoplast.com\/en\/wp-json\/wp\/v2\/users\/2"}],"replies":[{"embeddable":true,"href":"https:\/\/asmoplast.com\/en\/wp-json\/wp\/v2\/comments?post=5450"}],"version-history":[{"count":3,"href":"https:\/\/asmoplast.com\/en\/wp-json\/wp\/v2\/pages\/5450\/revisions"}],"predecessor-version":[{"id":5453,"href":"https:\/\/asmoplast.com\/en\/wp-json\/wp\/v2\/pages\/5450\/revisions\/5453"}],"up":[{"embeddable":true,"href":"https:\/\/asmoplast.com\/en\/wp-json\/wp\/v2\/pages\/5054"}],"wp:featuredmedia":[{"embeddable":true,"href":"https:\/\/asmoplast.com\/en\/wp-json\/wp\/v2\/media\/4273"}],"wp:attachment":[{"href":"https:\/\/asmoplast.com\/en\/wp-json\/wp\/v2\/media?parent=5450"}],"curies":[{"name":"wp","href":"https:\/\/api.w.org\/{rel}","templated":true}]}}