{"id":5238,"date":"2021-05-28T10:54:23","date_gmt":"2021-05-28T08:54:23","guid":{"rendered":"https:\/\/asmoplast.com\/?page_id=5238"},"modified":"2024-11-28T17:39:21","modified_gmt":"2024-11-28T16:39:21","slug":"ansprechpartner","status":"publish","type":"page","link":"https:\/\/asmoplast.com\/en\/for-you\/ansprechpartner\/","title":{"rendered":"Your contacts"},"content":{"rendered":"<div id=\"pl-5238\"  class=\"panel-layout\" ><div id=\"pg-5238-0\"  class=\"panel-grid panel-has-style\" ><div class=\"siteorigin-panels-stretch panel-row-style panel-row-style-for-5238-0\" data-stretch-type=\"full\" ><div id=\"pgc-5238-0-0\"  class=\"panel-grid-cell\" ><div id=\"panel-5238-0-0-0\" class=\"so-panel widget widget_banner-widget panel-first-child panel-last-child\" data-index=\"0\" ><div\n\t\t\t\n\t\t\tclass=\"so-widget-banner-widget so-widget-banner-widget-default-d75171398898-5238\"\n\t\t\t\n\t\t>\n<div class=\"banner-wrapper\">\n\t<div class=\"overlay\"><\/div>\n\t<div class=\"image-wrap-desktop hidden-xs hidden-sm hidden-md\">\n\t\t<img loading=\"lazy\" decoding=\"async\" src=\"https:\/\/asmoplast.com\/wp-content\/uploads\/2024\/11\/banner_gf_deutschland_china_2.png\" width=\"1186\" height=\"302\"  class=\"\"  \/>\n\t<\/div>\n\t<div class=\"image-wrap-moblie hidden-lg\">\n\t\t<img loading=\"lazy\" decoding=\"async\" src=\"https:\/\/asmoplast.com\/wp-content\/uploads\/2024\/11\/banner_gf_deutschland_china_2.png\" width=\"1186\" height=\"302\"  class=\"\"  \/>\n\t<\/div>\n\t<div class=\"text-wrap\">\n\t\t<h1>Management<\/h1>\t<\/div>\n<\/div><\/div><\/div><\/div><\/div><\/div><div id=\"pg-5238-1\"  class=\"panel-grid panel-no-style\" ><div id=\"pgc-5238-1-0\"  class=\"panel-grid-cell panel-grid-cell-empty\" ><\/div><div id=\"pgc-5238-1-1\"  class=\"panel-grid-cell panel-grid-cell-mobile-last\" ><p id=\"breadcrumbs\"><\/p><div id=\"panel-5238-1-1-0\" class=\"so-panel widget widget_sow-editor panel-first-child panel-last-child\" data-index=\"1\" ><div\n\t\t\t\n\t\t\tclass=\"so-widget-sow-editor so-widget-sow-editor-base\"\n\t\t\t\n\t\t>\n<div class=\"siteorigin-widget-tinymce textwidget\">\n\t\n<\/div>\n<\/div><\/div><\/div><div id=\"pgc-5238-1-2\"  class=\"panel-grid-cell panel-grid-cell-empty\" ><\/div><\/div><div id=\"pg-5238-2\"  class=\"panel-grid panel-no-style\" ><div id=\"pgc-5238-2-0\"  class=\"panel-grid-cell\" ><div id=\"panel-5238-2-0-0\" class=\"so-panel widget widget_sow-editor panel-first-child panel-last-child\" data-index=\"2\" ><div\n\t\t\t\n\t\t\tclass=\"so-widget-sow-editor so-widget-sow-editor-base\"\n\t\t\t\n\t\t>\n<div class=\"siteorigin-widget-tinymce textwidget\">\n\t<p>&nbsp;<\/p>\n<h1 style=\"text-align: center;\"><strong>Your contacts<\/strong><\/h1>\n<p>&nbsp;<\/p>\n<\/div>\n<\/div><\/div><\/div><\/div><div id=\"pg-5238-3\"  class=\"panel-grid panel-no-style\" ><div id=\"pgc-5238-3-0\"  class=\"panel-grid-cell\" ><div id=\"panel-5238-3-0-0\" class=\"so-panel widget widget_custom-contact-widget panel-first-child panel-last-child\" data-index=\"3\" ><div\n\t\t\t\n\t\t\tclass=\"so-widget-custom-contact-widget so-widget-custom-contact-widget-default-d75171398898-5238\"\n\t\t\t\n\t\t>\n<div class=\"contact-main-wrapper\">\n\t<div class=\"image-wrap\">\n\t\t<div class=\"overlay\"><\/div>\n\t\t<img loading=\"lazy\" decoding=\"async\" src=\"https:\/\/asmoplast.com\/wp-content\/uploads\/2024\/11\/asp_simon__zuegel4.png\" width=\"1000\" height=\"600\"  class=\"\"  \/>\n\t\n\t<\/div>\n\t<div class=\"bg-wrapper\">\n\t\t\t\t\t<div class=\"cts-heading\">Simon Z\u00fcgel<\/div>\n\t\t\t\t<div class=\"text-wrap\">\n\t\t\t<p>CEO<br \/>\nPhone: +49 (0)7642 928626-0<br \/>\nE-Mail: mail(a)asmoplast.com<\/p>\n\t\t<\/div>\n\t<\/div>\n\t\n<\/div><\/div><\/div><\/div><div id=\"pgc-5238-3-1\"  class=\"panel-grid-cell\" ><div id=\"panel-5238-3-1-0\" class=\"so-panel widget widget_custom-contact-widget panel-first-child panel-last-child\" data-index=\"4\" ><div\n\t\t\t\n\t\t\tclass=\"so-widget-custom-contact-widget so-widget-custom-contact-widget-default-d75171398898-5238\"\n\t\t\t\n\t\t>\n<div class=\"contact-main-wrapper\">\n\t<div class=\"image-wrap\">\n\t\t<div class=\"overlay\"><\/div>\n\t\t<img loading=\"lazy\" decoding=\"async\" src=\"https:\/\/asmoplast.com\/wp-content\/uploads\/2024\/11\/asp_katharina__zuegel.png\" width=\"1017\" height=\"600\"  class=\"\"  \/>\n\t\n\t<\/div>\n\t<div class=\"bg-wrapper\">\n\t\t\t\t\t<div class=\"cts-heading\">Katharina Z\u00fcgel<\/div>\n\t\t\t\t<div class=\"text-wrap\">\n\t\t\t<p>Head of Commercial Dept.<br \/>\nPhone: +49 (0)7642 928626-0<br \/>\nE-Mail: mail(a)asmoplast.com<\/p>\n\t\t<\/div>\n\t<\/div>\n\t\n<\/div><\/div><\/div><\/div><\/div><div id=\"pg-5238-4\"  class=\"panel-grid panel-no-style\" ><div id=\"pgc-5238-4-0\"  class=\"panel-grid-cell panel-grid-cell-mobile-last\" ><div id=\"panel-5238-4-0-0\" class=\"so-panel widget widget_custom-contact-widget panel-first-child panel-last-child\" data-index=\"5\" ><div\n\t\t\t\n\t\t\tclass=\"so-widget-custom-contact-widget so-widget-custom-contact-widget-default-d75171398898-5238\"\n\t\t\t\n\t\t>\n<div class=\"contact-main-wrapper\">\n\t<div class=\"image-wrap\">\n\t\t<div class=\"overlay\"><\/div>\n\t\t<img loading=\"lazy\" decoding=\"async\" src=\"https:\/\/asmoplast.com\/wp-content\/uploads\/2024\/11\/asp_stefan_hassler.png\" width=\"1017\" height=\"600\"  class=\"\"  \/>\n\t\n\t<\/div>\n\t<div class=\"bg-wrapper\">\n\t\t\t\t\t<div class=\"cts-heading\">Stefan Ha\u00dfler<\/div>\n\t\t\t\t<div class=\"text-wrap\">\n\t\t\t<p>Procurator | Director Projects &amp; Tools<br \/>\nPhone: +49 (0)7642 928626-0<br \/>\nE-Mail: mail(a)asmoplast.com<\/p>\n\t\t<\/div>\n\t<\/div>\n\t\n<\/div><\/div><\/div><\/div><div id=\"pgc-5238-4-1\"  class=\"panel-grid-cell panel-grid-cell-empty\" ><\/div><\/div><\/div>","protected":false},"excerpt":{"rendered":"<p>Management &nbsp; Your contacts &nbsp; Simon Z\u00fcgel CEO Phone: +49 (0)7642 928626-0 E-Mail: mail(a)asmoplast.com Katharina Z\u00fcgel Head of Commercial Dept. Phone: +49 (0)7642 928626-0 E-Mail: mail(a)asmoplast.com Stefan Ha\u00dfler Procurator | Director Projects &amp; Tools Phone: +49 (0)7642 928626-0 E-Mail: mail(a)asmoplast.com<\/p>\n","protected":false},"author":2,"featured_media":7554,"parent":4995,"menu_order":4,"comment_status":"closed","ping_status":"closed","template":"","meta":{"_acf_changed":false,"inline_featured_image":false,"footnotes":""},"class_list":["post-5238","page","type-page","status-publish","has-post-thumbnail","hentry"],"acf":[],"yoast_head":"<!-- This site is optimized with the Yoast SEO Premium plugin v26.1 (Yoast SEO v26.1.1) - https:\/\/yoast.com\/wordpress\/plugins\/seo\/ -->\n<title>Your contacts - Asmoplast<\/title>\n<meta name=\"robots\" content=\"index, follow, max-snippet:-1, max-image-preview:large, max-video-preview:-1\" \/>\n<link rel=\"canonical\" href=\"https:\/\/asmoplast.com\/en\/for-you\/ansprechpartner\/\" \/>\n<meta property=\"og:locale\" content=\"en_US\" \/>\n<meta property=\"og:type\" content=\"article\" \/>\n<meta property=\"og:title\" content=\"Your contacts\" \/>\n<meta property=\"og:description\" content=\"&nbsp; Your contacts &nbsp;\" \/>\n<meta property=\"og:url\" content=\"https:\/\/asmoplast.com\/en\/for-you\/ansprechpartner\/\" \/>\n<meta property=\"og:site_name\" content=\"Asmoplast\" \/>\n<meta property=\"article:publisher\" content=\"https:\/\/www.facebook.com\/asmoplast\" \/>\n<meta property=\"article:modified_time\" content=\"2024-11-28T16:39:21+00:00\" \/>\n<meta property=\"og:image\" content=\"https:\/\/asmoplast.com\/wp-content\/uploads\/2024\/11\/thumbnail_asp_spritzgussteil_spritzwerkzeug_deutschland_china.png\" \/>\n\t<meta property=\"og:image:width\" content=\"286\" \/>\n\t<meta property=\"og:image:height\" content=\"139\" \/>\n\t<meta property=\"og:image:type\" content=\"image\/png\" \/>\n<meta name=\"twitter:card\" content=\"summary_large_image\" \/>\n<meta name=\"twitter:label1\" content=\"Est. reading time\" \/>\n\t<meta name=\"twitter:data1\" content=\"2 minutes\" \/>\n<script type=\"application\/ld+json\" class=\"yoast-schema-graph\">{\"@context\":\"https:\/\/schema.org\",\"@graph\":[{\"@type\":\"WebPage\",\"@id\":\"https:\/\/asmoplast.com\/en\/for-you\/ansprechpartner\/\",\"url\":\"https:\/\/asmoplast.com\/en\/for-you\/ansprechpartner\/\",\"name\":\"Your contacts - Asmoplast\",\"isPartOf\":{\"@id\":\"https:\/\/asmoplast.com\/en\/#website\"},\"primaryImageOfPage\":{\"@id\":\"https:\/\/asmoplast.com\/en\/for-you\/ansprechpartner\/#primaryimage\"},\"image\":{\"@id\":\"https:\/\/asmoplast.com\/en\/for-you\/ansprechpartner\/#primaryimage\"},\"thumbnailUrl\":\"https:\/\/asmoplast.com\/wp-content\/uploads\/2024\/11\/thumbnail_asp_spritzgussteil_spritzwerkzeug_deutschland_china.png\",\"datePublished\":\"2021-05-28T08:54:23+00:00\",\"dateModified\":\"2024-11-28T16:39:21+00:00\",\"breadcrumb\":{\"@id\":\"https:\/\/asmoplast.com\/en\/for-you\/ansprechpartner\/#breadcrumb\"},\"inLanguage\":\"en-US\",\"potentialAction\":[{\"@type\":\"ReadAction\",\"target\":[\"https:\/\/asmoplast.com\/en\/for-you\/ansprechpartner\/\"]}]},{\"@type\":\"ImageObject\",\"inLanguage\":\"en-US\",\"@id\":\"https:\/\/asmoplast.com\/en\/for-you\/ansprechpartner\/#primaryimage\",\"url\":\"https:\/\/asmoplast.com\/wp-content\/uploads\/2024\/11\/thumbnail_asp_spritzgussteil_spritzwerkzeug_deutschland_china.png\",\"contentUrl\":\"https:\/\/asmoplast.com\/wp-content\/uploads\/2024\/11\/thumbnail_asp_spritzgussteil_spritzwerkzeug_deutschland_china.png\",\"width\":286,\"height\":139,\"caption\":\"Gesch\u00e4ftsleitung AsMoPLAST Engineering GmbH\"},{\"@type\":\"BreadcrumbList\",\"@id\":\"https:\/\/asmoplast.com\/en\/for-you\/ansprechpartner\/#breadcrumb\",\"itemListElement\":[{\"@type\":\"ListItem\",\"position\":1,\"name\":\"For You\",\"item\":\"https:\/\/asmoplast.com\/en\/for-you\/\"},{\"@type\":\"ListItem\",\"position\":2,\"name\":\"Your contacts\"}]},{\"@type\":\"WebSite\",\"@id\":\"https:\/\/asmoplast.com\/en\/#website\",\"url\":\"https:\/\/asmoplast.com\/en\/\",\"name\":\"Asmoplast\",\"description\":\"Formenbau und Spritzguss in Deutschland und China\",\"publisher\":{\"@id\":\"https:\/\/asmoplast.com\/en\/#organization\"},\"potentialAction\":[{\"@type\":\"SearchAction\",\"target\":{\"@type\":\"EntryPoint\",\"urlTemplate\":\"https:\/\/asmoplast.com\/en\/?s={search_term_string}\"},\"query-input\":{\"@type\":\"PropertyValueSpecification\",\"valueRequired\":true,\"valueName\":\"search_term_string\"}}],\"inLanguage\":\"en-US\"},{\"@type\":[\"Organization\",\"Place\"],\"@id\":\"https:\/\/asmoplast.com\/en\/#organization\",\"name\":\"AsMoPLAST Engineerung GmbH\",\"alternateName\":\"AsMoPLAST\",\"url\":\"https:\/\/asmoplast.com\/en\/\",\"logo\":{\"@id\":\"https:\/\/asmoplast.com\/en\/for-you\/ansprechpartner\/#local-main-organization-logo\"},\"image\":{\"@id\":\"https:\/\/asmoplast.com\/en\/for-you\/ansprechpartner\/#local-main-organization-logo\"},\"sameAs\":[\"https:\/\/www.facebook.com\/asmoplast\",\"https:\/\/www.instagram.com\/asmoplast\/\",\"https:\/\/www.linkedin.com\/company\/asmoplast\",\"https:\/\/www.youtube.com\/channel\/UCaufWGNSIdNHsBSPsrfC6Mw\"],\"legalName\":\"AsMoPLAST Engineering GmbH\",\"telephone\":[],\"openingHoursSpecification\":[{\"@type\":\"OpeningHoursSpecification\",\"dayOfWeek\":[\"Monday\",\"Tuesday\",\"Wednesday\",\"Thursday\",\"Friday\",\"Saturday\",\"Sunday\"],\"opens\":\"09:00\",\"closes\":\"17:00\"}]},{\"@type\":\"ImageObject\",\"inLanguage\":\"en-US\",\"@id\":\"https:\/\/asmoplast.com\/en\/for-you\/ansprechpartner\/#local-main-organization-logo\",\"url\":\"https:\/\/asmoplast.com\/wp-content\/uploads\/2021\/04\/asmoplast-logo-transparent-rgb.svg\",\"contentUrl\":\"https:\/\/asmoplast.com\/wp-content\/uploads\/2021\/04\/asmoplast-logo-transparent-rgb.svg\",\"width\":112,\"height\":60,\"caption\":\"AsMoPLAST Engineerung GmbH\"}]}<\/script>\n<!-- \/ Yoast SEO Premium plugin. -->","yoast_head_json":{"title":"Your contacts - Asmoplast","robots":{"index":"index","follow":"follow","max-snippet":"max-snippet:-1","max-image-preview":"max-image-preview:large","max-video-preview":"max-video-preview:-1"},"canonical":"https:\/\/asmoplast.com\/en\/for-you\/ansprechpartner\/","og_locale":"en_US","og_type":"article","og_title":"Your contacts","og_description":"&nbsp; Your contacts &nbsp;","og_url":"https:\/\/asmoplast.com\/en\/for-you\/ansprechpartner\/","og_site_name":"Asmoplast","article_publisher":"https:\/\/www.facebook.com\/asmoplast","article_modified_time":"2024-11-28T16:39:21+00:00","og_image":[{"width":286,"height":139,"url":"https:\/\/asmoplast.com\/wp-content\/uploads\/2024\/11\/thumbnail_asp_spritzgussteil_spritzwerkzeug_deutschland_china.png","type":"image\/png"}],"twitter_card":"summary_large_image","twitter_misc":{"Est. reading time":"2 minutes"},"schema":{"@context":"https:\/\/schema.org","@graph":[{"@type":"WebPage","@id":"https:\/\/asmoplast.com\/en\/for-you\/ansprechpartner\/","url":"https:\/\/asmoplast.com\/en\/for-you\/ansprechpartner\/","name":"Your contacts - Asmoplast","isPartOf":{"@id":"https:\/\/asmoplast.com\/en\/#website"},"primaryImageOfPage":{"@id":"https:\/\/asmoplast.com\/en\/for-you\/ansprechpartner\/#primaryimage"},"image":{"@id":"https:\/\/asmoplast.com\/en\/for-you\/ansprechpartner\/#primaryimage"},"thumbnailUrl":"https:\/\/asmoplast.com\/wp-content\/uploads\/2024\/11\/thumbnail_asp_spritzgussteil_spritzwerkzeug_deutschland_china.png","datePublished":"2021-05-28T08:54:23+00:00","dateModified":"2024-11-28T16:39:21+00:00","breadcrumb":{"@id":"https:\/\/asmoplast.com\/en\/for-you\/ansprechpartner\/#breadcrumb"},"inLanguage":"en-US","potentialAction":[{"@type":"ReadAction","target":["https:\/\/asmoplast.com\/en\/for-you\/ansprechpartner\/"]}]},{"@type":"ImageObject","inLanguage":"en-US","@id":"https:\/\/asmoplast.com\/en\/for-you\/ansprechpartner\/#primaryimage","url":"https:\/\/asmoplast.com\/wp-content\/uploads\/2024\/11\/thumbnail_asp_spritzgussteil_spritzwerkzeug_deutschland_china.png","contentUrl":"https:\/\/asmoplast.com\/wp-content\/uploads\/2024\/11\/thumbnail_asp_spritzgussteil_spritzwerkzeug_deutschland_china.png","width":286,"height":139,"caption":"Gesch\u00e4ftsleitung AsMoPLAST Engineering GmbH"},{"@type":"BreadcrumbList","@id":"https:\/\/asmoplast.com\/en\/for-you\/ansprechpartner\/#breadcrumb","itemListElement":[{"@type":"ListItem","position":1,"name":"For You","item":"https:\/\/asmoplast.com\/en\/for-you\/"},{"@type":"ListItem","position":2,"name":"Your contacts"}]},{"@type":"WebSite","@id":"https:\/\/asmoplast.com\/en\/#website","url":"https:\/\/asmoplast.com\/en\/","name":"Asmoplast","description":"Formenbau und Spritzguss in Deutschland und China","publisher":{"@id":"https:\/\/asmoplast.com\/en\/#organization"},"potentialAction":[{"@type":"SearchAction","target":{"@type":"EntryPoint","urlTemplate":"https:\/\/asmoplast.com\/en\/?s={search_term_string}"},"query-input":{"@type":"PropertyValueSpecification","valueRequired":true,"valueName":"search_term_string"}}],"inLanguage":"en-US"},{"@type":["Organization","Place"],"@id":"https:\/\/asmoplast.com\/en\/#organization","name":"AsMoPLAST Engineerung GmbH","alternateName":"AsMoPLAST","url":"https:\/\/asmoplast.com\/en\/","logo":{"@id":"https:\/\/asmoplast.com\/en\/for-you\/ansprechpartner\/#local-main-organization-logo"},"image":{"@id":"https:\/\/asmoplast.com\/en\/for-you\/ansprechpartner\/#local-main-organization-logo"},"sameAs":["https:\/\/www.facebook.com\/asmoplast","https:\/\/www.instagram.com\/asmoplast\/","https:\/\/www.linkedin.com\/company\/asmoplast","https:\/\/www.youtube.com\/channel\/UCaufWGNSIdNHsBSPsrfC6Mw"],"legalName":"AsMoPLAST Engineering GmbH","telephone":[],"openingHoursSpecification":[{"@type":"OpeningHoursSpecification","dayOfWeek":["Monday","Tuesday","Wednesday","Thursday","Friday","Saturday","Sunday"],"opens":"09:00","closes":"17:00"}]},{"@type":"ImageObject","inLanguage":"en-US","@id":"https:\/\/asmoplast.com\/en\/for-you\/ansprechpartner\/#local-main-organization-logo","url":"https:\/\/asmoplast.com\/wp-content\/uploads\/2021\/04\/asmoplast-logo-transparent-rgb.svg","contentUrl":"https:\/\/asmoplast.com\/wp-content\/uploads\/2021\/04\/asmoplast-logo-transparent-rgb.svg","width":112,"height":60,"caption":"AsMoPLAST Engineerung GmbH"}]}},"_links":{"self":[{"href":"https:\/\/asmoplast.com\/en\/wp-json\/wp\/v2\/pages\/5238","targetHints":{"allow":["GET"]}}],"collection":[{"href":"https:\/\/asmoplast.com\/en\/wp-json\/wp\/v2\/pages"}],"about":[{"href":"https:\/\/asmoplast.com\/en\/wp-json\/wp\/v2\/types\/page"}],"author":[{"embeddable":true,"href":"https:\/\/asmoplast.com\/en\/wp-json\/wp\/v2\/users\/2"}],"replies":[{"embeddable":true,"href":"https:\/\/asmoplast.com\/en\/wp-json\/wp\/v2\/comments?post=5238"}],"version-history":[{"count":14,"href":"https:\/\/asmoplast.com\/en\/wp-json\/wp\/v2\/pages\/5238\/revisions"}],"predecessor-version":[{"id":7563,"href":"https:\/\/asmoplast.com\/en\/wp-json\/wp\/v2\/pages\/5238\/revisions\/7563"}],"up":[{"embeddable":true,"href":"https:\/\/asmoplast.com\/en\/wp-json\/wp\/v2\/pages\/4995"}],"wp:featuredmedia":[{"embeddable":true,"href":"https:\/\/asmoplast.com\/en\/wp-json\/wp\/v2\/media\/7554"}],"wp:attachment":[{"href":"https:\/\/asmoplast.com\/en\/wp-json\/wp\/v2\/media?parent=5238"}],"curies":[{"name":"wp","href":"https:\/\/api.w.org\/{rel}","templated":true}]}}